{"id":6,"date":"2021-04-30T16:10:54","date_gmt":"2021-04-30T16:10:54","guid":{"rendered":"https:\/\/hanabirayawp.wafuku.de\/?page_id=6"},"modified":"2023-03-01T18:50:32","modified_gmt":"2023-03-01T17:50:32","slug":"home","status":"publish","type":"page","link":"https:\/\/hanabirayawp.wafuku.de\/","title":{"rendered":"Home"},"content":{"rendered":"\t\t<div data-elementor-type=\"wp-page\" data-elementor-id=\"6\" class=\"elementor elementor-6\">\n\t\t\t\t\t\t\t\t\t<section class=\"elementor-section elementor-top-section elementor-element elementor-element-959ec58 elementor-section-height-min-height elementor-section-boxed elementor-section-height-default elementor-section-items-middle\" data-id=\"959ec58\" data-element_type=\"section\" data-settings=\"{&quot;background_background&quot;:&quot;classic&quot;}\">\n\t\t\t\t\t\t\t<div class=\"elementor-background-overlay\"><\/div>\n\t\t\t\t\t\t\t<div class=\"elementor-container elementor-column-gap-no\">\n\t\t\t\t\t<div class=\"elementor-column elementor-col-100 elementor-top-column elementor-element elementor-element-a30f7db\" data-id=\"a30f7db\" data-element_type=\"column\">\n\t\t\t<div class=\"elementor-widget-wrap elementor-element-populated\">\n\t\t\t\t\t\t\t\t<div class=\"elementor-element elementor-element-66dc130 elementor-widget elementor-widget-image\" data-id=\"66dc130\" data-element_type=\"widget\" data-widget_type=\"image.default\">\n\t\t\t\t<div class=\"elementor-widget-container\">\n\t\t\t<style>\/*! elementor - v3.11.2 - 22-02-2023 *\/\n.elementor-widget-image{text-align:center}.elementor-widget-image a{display:inline-block}.elementor-widget-image a img[src$=\".svg\"]{width:48px}.elementor-widget-image img{vertical-align:middle;display:inline-block}<\/style>\t\t\t\t\t\t\t\t\t\t\t\t<img loading=\"lazy\" decoding=\"async\" width=\"150\" height=\"150\" src=\"https:\/\/hanabirayawp.wafuku.de\/wp-content\/uploads\/2023\/02\/LOGO-wagokoro_hintergrund-weiss_1500px-150x150.png\" class=\"attachment-thumbnail size-thumbnail wp-image-3231\" alt=\"\" srcset=\"https:\/\/hanabirayawp.wafuku.de\/wp-content\/uploads\/2023\/02\/LOGO-wagokoro_hintergrund-weiss_1500px-150x150.png 150w, https:\/\/hanabirayawp.wafuku.de\/wp-content\/uploads\/2023\/02\/LOGO-wagokoro_hintergrund-weiss_1500px-300x300.png 300w, https:\/\/hanabirayawp.wafuku.de\/wp-content\/uploads\/2023\/02\/LOGO-wagokoro_hintergrund-weiss_1500px-1024x1024.png 1024w, https:\/\/hanabirayawp.wafuku.de\/wp-content\/uploads\/2023\/02\/LOGO-wagokoro_hintergrund-weiss_1500px-768x768.png 768w, https:\/\/hanabirayawp.wafuku.de\/wp-content\/uploads\/2023\/02\/LOGO-wagokoro_hintergrund-weiss_1500px.png 1500w\" sizes=\"auto, (max-width: 150px) 100vw, 150px\" \/>\t\t\t\t\t\t\t\t\t\t\t\t\t\t\t<\/div>\n\t\t\t\t<\/div>\n\t\t\t\t<div class=\"elementor-element elementor-element-9e48adf elementor-widget elementor-widget-heading\" data-id=\"9e48adf\" data-element_type=\"widget\" data-widget_type=\"heading.default\">\n\t\t\t\t<div class=\"elementor-widget-container\">\n\t\t\t<style>\/*! elementor - v3.11.2 - 22-02-2023 *\/\n.elementor-heading-title{padding:0;margin:0;line-height:1}.elementor-widget-heading .elementor-heading-title[class*=elementor-size-]>a{color:inherit;font-size:inherit;line-height:inherit}.elementor-widget-heading .elementor-heading-title.elementor-size-small{font-size:15px}.elementor-widget-heading .elementor-heading-title.elementor-size-medium{font-size:19px}.elementor-widget-heading .elementor-heading-title.elementor-size-large{font-size:29px}.elementor-widget-heading .elementor-heading-title.elementor-size-xl{font-size:39px}.elementor-widget-heading .elementor-heading-title.elementor-size-xxl{font-size:59px}<\/style><h1 class=\"elementor-heading-title elementor-size-default\">Wagokoro e.V.<\/h1>\t\t<\/div>\n\t\t\t\t<\/div>\n\t\t\t\t<div class=\"elementor-element elementor-element-5e8fdec elementor-widget elementor-widget-heading\" data-id=\"5e8fdec\" data-element_type=\"widget\" data-widget_type=\"heading.default\">\n\t\t\t\t<div class=\"elementor-widget-container\">\n\t\t\t<h3 class=\"elementor-heading-title elementor-size-default\">Gemeinn\u00fctziger japanisch-deutscher Kulturverein in D\u00fcsseldorf<\/h3>\t\t<\/div>\n\t\t\t\t<\/div>\n\t\t\t\t<div class=\"elementor-element elementor-element-a4c07cb elementor-widget elementor-widget-button\" data-id=\"a4c07cb\" data-element_type=\"widget\" data-widget_type=\"button.default\">\n\t\t\t\t<div class=\"elementor-widget-container\">\n\t\t\t\t\t<div class=\"elementor-button-wrapper\">\n\t\t\t<a href=\"#\" class=\"elementor-button-link elementor-button elementor-size-sm\" role=\"button\">\n\t\t\t\t\t\t<span class=\"elementor-button-content-wrapper\">\n\t\t\t\t\t\t<span class=\"elementor-button-text\">Mitglied werden<\/span>\n\t\t<\/span>\n\t\t\t\t\t<\/a>\n\t\t<\/div>\n\t\t\t\t<\/div>\n\t\t\t\t<\/div>\n\t\t\t\t\t<\/div>\n\t\t<\/div>\n\t\t\t\t\t\t\t<\/div>\n\t\t<\/section>\n\t\t\t\t<section class=\"elementor-section elementor-top-section elementor-element elementor-element-9bab827 elementor-section-boxed elementor-section-height-default elementor-section-height-default\" data-id=\"9bab827\" data-element_type=\"section\">\n\t\t\t\t\t\t<div class=\"elementor-container elementor-column-gap-default\">\n\t\t\t\t\t<div class=\"elementor-column elementor-col-50 elementor-top-column elementor-element elementor-element-2d4aae9\" data-id=\"2d4aae9\" data-element_type=\"column\">\n\t\t\t<div class=\"elementor-widget-wrap elementor-element-populated\">\n\t\t\t\t\t\t\t\t<div class=\"elementor-element elementor-element-421db93 elementor-widget elementor-widget-text-editor\" data-id=\"421db93\" data-element_type=\"widget\" data-widget_type=\"text-editor.default\">\n\t\t\t\t<div class=\"elementor-widget-container\">\n\t\t\t<style>\/*! elementor - v3.11.2 - 22-02-2023 *\/\n.elementor-widget-text-editor.elementor-drop-cap-view-stacked .elementor-drop-cap{background-color:#818a91;color:#fff}.elementor-widget-text-editor.elementor-drop-cap-view-framed .elementor-drop-cap{color:#818a91;border:3px solid;background-color:transparent}.elementor-widget-text-editor:not(.elementor-drop-cap-view-default) .elementor-drop-cap{margin-top:8px}.elementor-widget-text-editor:not(.elementor-drop-cap-view-default) .elementor-drop-cap-letter{width:1em;height:1em}.elementor-widget-text-editor .elementor-drop-cap{float:left;text-align:center;line-height:1;font-size:50px}.elementor-widget-text-editor .elementor-drop-cap-letter{display:inline-block}<\/style>\t\t\t\t<h4><b>Willkommen bei Wagokoro e.V.!<\/b><\/h4><p>Wagokoro e.V. wurde als gemeinn\u00fctziger japanischer Kulturverein in D\u00fcsseldorf gegr\u00fcndet, um die vielf\u00e4ltigen Aspekte der traditionellen japanischen Kultur weiterzugeben und zu vertiefen. Wir sind insbesondere bekannt f\u00fcr unsere Kimono-und Ikebana-Workshops, die sich reger Teilnahme erfreuen.<br \/>Bei uns haben Sie die Gelegenheit, tief in die japanische Kultur einzutauchen und sich mit Gleichgesinnten in entspannter Atmosph\u00e4re auszutauschen!<\/p>\t\t\t\t\t\t<\/div>\n\t\t\t\t<\/div>\n\t\t\t\t\t<\/div>\n\t\t<\/div>\n\t\t\t\t<div class=\"elementor-column elementor-col-50 elementor-top-column elementor-element elementor-element-94c9135\" data-id=\"94c9135\" data-element_type=\"column\">\n\t\t\t<div class=\"elementor-widget-wrap elementor-element-populated\">\n\t\t\t\t\t\t\t\t<div class=\"elementor-element elementor-element-9688750 elementor-widget elementor-widget-image\" data-id=\"9688750\" data-element_type=\"widget\" data-widget_type=\"image.default\">\n\t\t\t\t<div class=\"elementor-widget-container\">\n\t\t\t\t\t\t\t\t\t\t\t\t\t\t\t<img loading=\"lazy\" decoding=\"async\" width=\"1024\" height=\"683\" src=\"https:\/\/hanabirayawp.wafuku.de\/wp-content\/uploads\/2023\/02\/pexels-engin-akyurt-1498273-1024x683.jpg\" class=\"attachment-large size-large wp-image-3235\" alt=\"\" srcset=\"https:\/\/hanabirayawp.wafuku.de\/wp-content\/uploads\/2023\/02\/pexels-engin-akyurt-1498273-1024x683.jpg 1024w, https:\/\/hanabirayawp.wafuku.de\/wp-content\/uploads\/2023\/02\/pexels-engin-akyurt-1498273-300x200.jpg 300w, https:\/\/hanabirayawp.wafuku.de\/wp-content\/uploads\/2023\/02\/pexels-engin-akyurt-1498273-768x512.jpg 768w, https:\/\/hanabirayawp.wafuku.de\/wp-content\/uploads\/2023\/02\/pexels-engin-akyurt-1498273-1536x1024.jpg 1536w, https:\/\/hanabirayawp.wafuku.de\/wp-content\/uploads\/2023\/02\/pexels-engin-akyurt-1498273.jpg 1920w\" sizes=\"auto, (max-width: 1024px) 100vw, 1024px\" \/>\t\t\t\t\t\t\t\t\t\t\t\t\t\t\t<\/div>\n\t\t\t\t<\/div>\n\t\t\t\t\t<\/div>\n\t\t<\/div>\n\t\t\t\t\t\t\t<\/div>\n\t\t<\/section>\n\t\t\t\t<section class=\"elementor-section elementor-top-section elementor-element elementor-element-a219a0a elementor-section-boxed elementor-section-height-default elementor-section-height-default\" data-id=\"a219a0a\" data-element_type=\"section\">\n\t\t\t\t\t\t<div class=\"elementor-container elementor-column-gap-default\">\n\t\t\t\t\t<div class=\"elementor-column elementor-col-33 elementor-top-column elementor-element elementor-element-e644931\" data-id=\"e644931\" data-element_type=\"column\">\n\t\t\t<div class=\"elementor-widget-wrap elementor-element-populated\">\n\t\t\t\t\t\t\t\t<div class=\"elementor-element elementor-element-787e3f7 elementor-widget elementor-widget-image\" data-id=\"787e3f7\" data-element_type=\"widget\" data-widget_type=\"image.default\">\n\t\t\t\t<div class=\"elementor-widget-container\">\n\t\t\t\t\t\t\t\t\t\t\t\t\t\t\t<img loading=\"lazy\" decoding=\"async\" width=\"1024\" height=\"683\" src=\"https:\/\/hanabirayawp.wafuku.de\/wp-content\/uploads\/2023\/02\/pexels-elevate-1267697-1024x683.jpg\" class=\"attachment-large size-large wp-image-3251\" alt=\"\" srcset=\"https:\/\/hanabirayawp.wafuku.de\/wp-content\/uploads\/2023\/02\/pexels-elevate-1267697-1024x683.jpg 1024w, https:\/\/hanabirayawp.wafuku.de\/wp-content\/uploads\/2023\/02\/pexels-elevate-1267697-300x200.jpg 300w, https:\/\/hanabirayawp.wafuku.de\/wp-content\/uploads\/2023\/02\/pexels-elevate-1267697-768x512.jpg 768w, https:\/\/hanabirayawp.wafuku.de\/wp-content\/uploads\/2023\/02\/pexels-elevate-1267697-1536x1024.jpg 1536w, https:\/\/hanabirayawp.wafuku.de\/wp-content\/uploads\/2023\/02\/pexels-elevate-1267697.jpg 1920w\" sizes=\"auto, (max-width: 1024px) 100vw, 1024px\" \/>\t\t\t\t\t\t\t\t\t\t\t\t\t\t\t<\/div>\n\t\t\t\t<\/div>\n\t\t\t\t\t<\/div>\n\t\t<\/div>\n\t\t\t\t<div class=\"elementor-column elementor-col-66 elementor-top-column elementor-element elementor-element-ad0d40c\" data-id=\"ad0d40c\" data-element_type=\"column\">\n\t\t\t<div class=\"elementor-widget-wrap elementor-element-populated\">\n\t\t\t\t\t\t\t\t<div class=\"elementor-element elementor-element-26f0c9e elementor-widget elementor-widget-text-editor\" data-id=\"26f0c9e\" data-element_type=\"widget\" data-widget_type=\"text-editor.default\">\n\t\t\t\t<div class=\"elementor-widget-container\">\n\t\t\t\t\t\t\t<p><b>28.02.2023<\/b><\/p>\n<p>Wir freuen uns sehr euch das Wagokoro Tandem-Treffen in Zusammenarbeit mit der VHS D\u00fcsseldorf zu pr\u00e4sentieren!<\/p>\n<p>Unser beliebter Tandemkurs in Zusammenarbeit mit der Volkshochschule D\u00fcsseldorf geht in die zweite Runde! Auch dieses Semester d\u00fcrfen wir euch wieder an der VHS D\u00fcsseldorf zum Quatschen &amp; gemeinsamen Lernen begr\u00fc\u00dfen. F\u00fcr alle, die ihr japanisch erproben oder verbessern m\u00f6chten, ist dies eine wunderbare Gelegenheit mit Muttersprachlern zu sprechen &amp; neue Freundschaften zu schlie\u00dfen&#8230;<\/p>\t\t\t\t\t\t<\/div>\n\t\t\t\t<\/div>\n\t\t\t\t<div class=\"elementor-element elementor-element-3393a35 elementor-widget elementor-widget-button\" data-id=\"3393a35\" data-element_type=\"widget\" data-widget_type=\"button.default\">\n\t\t\t\t<div class=\"elementor-widget-container\">\n\t\t\t\t\t<div class=\"elementor-button-wrapper\">\n\t\t\t<a href=\"#\" class=\"elementor-button-link elementor-button elementor-size-sm\" role=\"button\">\n\t\t\t\t\t\t<span class=\"elementor-button-content-wrapper\">\n\t\t\t\t\t\t<span class=\"elementor-button-text\">weiterlesen...<\/span>\n\t\t<\/span>\n\t\t\t\t\t<\/a>\n\t\t<\/div>\n\t\t\t\t<\/div>\n\t\t\t\t<\/div>\n\t\t\t\t\t<\/div>\n\t\t<\/div>\n\t\t\t\t\t\t\t<\/div>\n\t\t<\/section>\n\t\t\t\t<section class=\"elementor-section elementor-top-section elementor-element elementor-element-05b73d7 elementor-section-boxed elementor-section-height-default elementor-section-height-default\" data-id=\"05b73d7\" data-element_type=\"section\">\n\t\t\t\t\t\t<div class=\"elementor-container elementor-column-gap-default\">\n\t\t\t\t\t<div class=\"elementor-column elementor-col-33 elementor-top-column elementor-element elementor-element-11629fc\" data-id=\"11629fc\" data-element_type=\"column\">\n\t\t\t<div class=\"elementor-widget-wrap elementor-element-populated\">\n\t\t\t\t\t\t\t\t<div class=\"elementor-element elementor-element-c15ab38 elementor-widget elementor-widget-image\" data-id=\"c15ab38\" data-element_type=\"widget\" data-widget_type=\"image.default\">\n\t\t\t\t<div class=\"elementor-widget-container\">\n\t\t\t\t\t\t\t\t\t\t\t\t\t\t\t<img loading=\"lazy\" decoding=\"async\" width=\"1024\" height=\"683\" src=\"https:\/\/hanabirayawp.wafuku.de\/wp-content\/uploads\/2023\/02\/pexels-satoshi-hirayama-1325837-1-1024x683.jpg\" class=\"attachment-large size-large wp-image-3255\" alt=\"\" srcset=\"https:\/\/hanabirayawp.wafuku.de\/wp-content\/uploads\/2023\/02\/pexels-satoshi-hirayama-1325837-1-1024x683.jpg 1024w, https:\/\/hanabirayawp.wafuku.de\/wp-content\/uploads\/2023\/02\/pexels-satoshi-hirayama-1325837-1-300x200.jpg 300w, https:\/\/hanabirayawp.wafuku.de\/wp-content\/uploads\/2023\/02\/pexels-satoshi-hirayama-1325837-1-768x512.jpg 768w, https:\/\/hanabirayawp.wafuku.de\/wp-content\/uploads\/2023\/02\/pexels-satoshi-hirayama-1325837-1-1536x1024.jpg 1536w, https:\/\/hanabirayawp.wafuku.de\/wp-content\/uploads\/2023\/02\/pexels-satoshi-hirayama-1325837-1.jpg 1920w\" sizes=\"auto, (max-width: 1024px) 100vw, 1024px\" \/>\t\t\t\t\t\t\t\t\t\t\t\t\t\t\t<\/div>\n\t\t\t\t<\/div>\n\t\t\t\t\t<\/div>\n\t\t<\/div>\n\t\t\t\t<div class=\"elementor-column elementor-col-66 elementor-top-column elementor-element elementor-element-16a1a71\" data-id=\"16a1a71\" data-element_type=\"column\">\n\t\t\t<div class=\"elementor-widget-wrap elementor-element-populated\">\n\t\t\t\t\t\t\t\t<div class=\"elementor-element elementor-element-8b6bc40 elementor-widget elementor-widget-text-editor\" data-id=\"8b6bc40\" data-element_type=\"widget\" data-widget_type=\"text-editor.default\">\n\t\t\t\t<div class=\"elementor-widget-container\">\n\t\t\t\t\t\t\t<p><b>15.01.2023<\/b><\/p><p>Die neuen Termine f\u00fcr Anfang 2023 stehen fest!<br \/>Nach langer Zeit d\u00fcrfen wir euch endlich wieder zum \u201eKimono-Kai\u201c einladen! Wir freuen uns riesig, euch alle wieder begr\u00fc\u00dfen zu d\u00fcrfen &amp; nach langen Warten wieder zusammen Kimono tragen zu k\u00f6nnen. Dieses Mal finden die Veranstaltungen in der Volkshochschule D\u00fcsseldorf statt. Dort k\u00f6nnen wir dann gemeinsam mehr \u00fcber Kimono lernen, Kimono anziehen und uns untereinander austauschen.<\/p>\t\t\t\t\t\t<\/div>\n\t\t\t\t<\/div>\n\t\t\t\t<div class=\"elementor-element elementor-element-a55f6b0 elementor-widget elementor-widget-button\" data-id=\"a55f6b0\" data-element_type=\"widget\" data-widget_type=\"button.default\">\n\t\t\t\t<div class=\"elementor-widget-container\">\n\t\t\t\t\t<div class=\"elementor-button-wrapper\">\n\t\t\t<a href=\"#\" class=\"elementor-button-link elementor-button elementor-size-sm\" role=\"button\">\n\t\t\t\t\t\t<span class=\"elementor-button-content-wrapper\">\n\t\t\t\t\t\t<span class=\"elementor-button-text\">weiterlesen...<\/span>\n\t\t<\/span>\n\t\t\t\t\t<\/a>\n\t\t<\/div>\n\t\t\t\t<\/div>\n\t\t\t\t<\/div>\n\t\t\t\t\t<\/div>\n\t\t<\/div>\n\t\t\t\t\t\t\t<\/div>\n\t\t<\/section>\n\t\t\t\t\t\t\t<\/div>\n\t\t","protected":false},"excerpt":{"rendered":"<p>Wagokoro e.V. Gemeinn\u00fctziger japanisch-deutscher Kulturverein in D\u00fcsseldorf Mitglied werden Willkommen bei Wagokoro e.V.! Wagokoro e.V. wurde als gemeinn\u00fctziger japanischer Kulturverein in D\u00fcsseldorf gegr\u00fcndet, um die vielf\u00e4ltigen Aspekte der traditionellen japanischen Kultur weiterzugeben und zu vertiefen. Wir sind insbesondere bekannt f\u00fcr unsere Kimono-und Ikebana-Workshops, die sich reger Teilnahme erfreuen.Bei uns haben Sie die Gelegenheit, tief in &hellip;<\/p>\n<p class=\"read-more\"> <a class=\"\" href=\"https:\/\/hanabirayawp.wafuku.de\/\"> <span class=\"screen-reader-text\">Home<\/span> Weiterlesen &raquo;<\/a><\/p>\n","protected":false},"author":3,"featured_media":0,"parent":0,"menu_order":0,"comment_status":"closed","ping_status":"closed","template":"","meta":{"site-sidebar-layout":"no-sidebar","site-content-layout":"page-builder","ast-global-header-display":"","ast-main-header-display":"","ast-hfb-above-header-display":"","ast-hfb-below-header-display":"","ast-hfb-mobile-header-display":"","site-post-title":"disabled","ast-breadcrumbs-content":"disabled","ast-featured-img":"disabled","footer-sml-layout":"","theme-transparent-header-meta":"enabled","adv-header-id-meta":"","stick-header-meta":"","header-above-stick-meta":"","header-main-stick-meta":"","header-below-stick-meta":"","ngg_post_thumbnail":0,"footnotes":""},"class_list":["post-6","page","type-page","status-publish","hentry"],"_links":{"self":[{"href":"https:\/\/hanabirayawp.wafuku.de\/index.php?rest_route=\/wp\/v2\/pages\/6","targetHints":{"allow":["GET"]}}],"collection":[{"href":"https:\/\/hanabirayawp.wafuku.de\/index.php?rest_route=\/wp\/v2\/pages"}],"about":[{"href":"https:\/\/hanabirayawp.wafuku.de\/index.php?rest_route=\/wp\/v2\/types\/page"}],"author":[{"embeddable":true,"href":"https:\/\/hanabirayawp.wafuku.de\/index.php?rest_route=\/wp\/v2\/users\/3"}],"replies":[{"embeddable":true,"href":"https:\/\/hanabirayawp.wafuku.de\/index.php?rest_route=%2Fwp%2Fv2%2Fcomments&post=6"}],"version-history":[{"count":25,"href":"https:\/\/hanabirayawp.wafuku.de\/index.php?rest_route=\/wp\/v2\/pages\/6\/revisions"}],"predecessor-version":[{"id":3270,"href":"https:\/\/hanabirayawp.wafuku.de\/index.php?rest_route=\/wp\/v2\/pages\/6\/revisions\/3270"}],"wp:attachment":[{"href":"https:\/\/hanabirayawp.wafuku.de\/index.php?rest_route=%2Fwp%2Fv2%2Fmedia&parent=6"}],"curies":[{"name":"wp","href":"https:\/\/api.w.org\/{rel}","templated":true}]}}